{"id":2260,"date":"2023-09-12T14:15:56","date_gmt":"2023-09-12T12:15:56","guid":{"rendered":"https:\/\/lamuette.ch\/ueber-ramuz\/"},"modified":"2023-10-05T15:22:10","modified_gmt":"2023-10-05T13:22:10","slug":"ueber-ramuz","status":"publish","type":"page","link":"https:\/\/lamuette.ch\/de\/ueber-ramuz\/","title":{"rendered":"\u00dcber Ramuz"},"content":{"rendered":"\n<p>Entdecken Sie C. F. Ramuz, indem Sie den Reichtum der mit dem Schriftsteller verkn\u00fcpften Archive erkunden. St\u00f6bern Sie in Manuskripten, Dokumenten, Fotografien und Kunstwerken, die aufgrund ihrer Originalit\u00e4t und Komplementarit\u00e4t ausgew\u00e4hlt wurden. Jedes Bild ist von einem kurzen Text begleitet, der Sie \u00fcber einen Aspekt des Lebens oder des Werks des Schriftstellers informiert. Die Navigation kann frei erfolgen, nach Stichw\u00f6rtern oder mittels eines der angebotenen Parcours.<\/p>\n\n<p>Die Sammlung \u00abRamuz in 100 Bildern\u00bb ist evolutiv und wird im Laufe der Monate erweitert.<\/p>\n\n<p>Die Texte stammen aus dem Werk <em>C. F. Ramuz, Sentir vivre et battre le mot<\/em>, das 2019 in der Sammlung \u00abSavoir suisse\u00bb der Editions PPUR erschien, und aus dem von St\u00e9phane P\u00e9termann verfassten Essay <em>Ramuz, l\u2019\u00e9criture comme absolu,<\/em> den die Editions Infolio 2020 publizierten.<\/p>\n","protected":false},"excerpt":{"rendered":"<p>Entdecken Sie C. F. Ramuz, indem Sie den Reichtum der mit dem Schriftsteller verkn\u00fcpften Archive erkunden. St\u00f6bern Sie in Manuskripten, Dokumenten, Fotografien und Kunstwerken, die aufgrund ihrer Originalit\u00e4t und Komplementarit\u00e4t ausgew\u00e4hlt wurden. Jedes Bild ist von einem kurzen Text begleitet, der Sie \u00fcber einen Aspekt des Lebens oder des Werks des Schriftstellers informiert. Die Navigation [&hellip;]<\/p>\n","protected":false},"author":1,"featured_media":0,"parent":0,"menu_order":0,"comment_status":"closed","ping_status":"closed","template":"template-default-ramuz.php","meta":{"_acf_changed":false,"footnotes":""},"class_list":["post-2260","page","type-page","status-publish","hentry"],"acf":[],"yoast_head":"<!-- This site is optimized with the Yoast SEO plugin v27.2 - https:\/\/yoast.com\/product\/yoast-seo-wordpress\/ -->\n<title>\u00dcber Ramuz &#8211; La Muette<\/title>\n<meta name=\"robots\" content=\"index, follow, max-snippet:-1, max-image-preview:large, max-video-preview:-1\" \/>\n<link rel=\"canonical\" href=\"https:\/\/lamuette.ch\/de\/ueber-ramuz\/\" \/>\n<meta property=\"og:locale\" content=\"de_DE\" \/>\n<meta property=\"og:type\" content=\"article\" \/>\n<meta property=\"og:title\" content=\"\u00dcber Ramuz &#8211; La Muette\" \/>\n<meta property=\"og:description\" content=\"Entdecken Sie C. F. Ramuz, indem Sie den Reichtum der mit dem Schriftsteller verkn\u00fcpften Archive erkunden. St\u00f6bern Sie in Manuskripten, Dokumenten, Fotografien und Kunstwerken, die aufgrund ihrer Originalit\u00e4t und Komplementarit\u00e4t ausgew\u00e4hlt wurden. Jedes Bild ist von einem kurzen Text begleitet, der Sie \u00fcber einen Aspekt des Lebens oder des Werks des Schriftstellers informiert. Die Navigation [&hellip;]\" \/>\n<meta property=\"og:url\" content=\"https:\/\/lamuette.ch\/de\/ueber-ramuz\/\" \/>\n<meta property=\"og:site_name\" content=\"La Muette\" \/>\n<meta property=\"article:modified_time\" content=\"2023-10-05T13:22:10+00:00\" \/>\n<meta name=\"twitter:card\" content=\"summary_large_image\" \/>\n<meta name=\"twitter:label1\" content=\"Est. reading time\" \/>\n\t<meta name=\"twitter:data1\" content=\"1 minute\" \/>\n<script type=\"application\/ld+json\" class=\"yoast-schema-graph\">{\"@context\":\"https:\/\/schema.org\",\"@graph\":[{\"@type\":\"WebPage\",\"@id\":\"https:\/\/lamuette.ch\/de\/ueber-ramuz\/\",\"url\":\"https:\/\/lamuette.ch\/de\/ueber-ramuz\/\",\"name\":\"\u00dcber Ramuz &#8211; La Muette\",\"isPartOf\":{\"@id\":\"https:\/\/lamuette.ch\/de\/#website\"},\"datePublished\":\"2023-09-12T12:15:56+00:00\",\"dateModified\":\"2023-10-05T13:22:10+00:00\",\"breadcrumb\":{\"@id\":\"https:\/\/lamuette.ch\/de\/ueber-ramuz\/#breadcrumb\"},\"inLanguage\":\"de-DE\",\"potentialAction\":[{\"@type\":\"ReadAction\",\"target\":[\"https:\/\/lamuette.ch\/de\/ueber-ramuz\/\"]}]},{\"@type\":\"BreadcrumbList\",\"@id\":\"https:\/\/lamuette.ch\/de\/ueber-ramuz\/#breadcrumb\",\"itemListElement\":[{\"@type\":\"ListItem\",\"position\":1,\"name\":\"Accueil\",\"item\":\"https:\/\/lamuette.ch\/de\/\"},{\"@type\":\"ListItem\",\"position\":2,\"name\":\"\u00dcber Ramuz\"}]},{\"@type\":\"WebSite\",\"@id\":\"https:\/\/lamuette.ch\/de\/#website\",\"url\":\"https:\/\/lamuette.ch\/de\/\",\"name\":\"La Muette\",\"description\":\"espaces litt\u00e9raires\",\"publisher\":{\"@id\":\"https:\/\/lamuette.ch\/de\/#organization\"},\"potentialAction\":[{\"@type\":\"SearchAction\",\"target\":{\"@type\":\"EntryPoint\",\"urlTemplate\":\"https:\/\/lamuette.ch\/de\/?s={search_term_string}\"},\"query-input\":{\"@type\":\"PropertyValueSpecification\",\"valueRequired\":true,\"valueName\":\"search_term_string\"}}],\"inLanguage\":\"de-DE\"},{\"@type\":\"Organization\",\"@id\":\"https:\/\/lamuette.ch\/de\/#organization\",\"name\":\"La Muette\",\"url\":\"https:\/\/lamuette.ch\/de\/\",\"logo\":{\"@type\":\"ImageObject\",\"inLanguage\":\"de-DE\",\"@id\":\"https:\/\/lamuette.ch\/de\/#\/schema\/logo\/image\/\",\"url\":\"https:\/\/lamuette.ch\/wp-content\/uploads\/2023\/05\/logo-muette.jpg\",\"contentUrl\":\"https:\/\/lamuette.ch\/wp-content\/uploads\/2023\/05\/logo-muette.jpg\",\"width\":1750,\"height\":514,\"caption\":\"La Muette\"},\"image\":{\"@id\":\"https:\/\/lamuette.ch\/de\/#\/schema\/logo\/image\/\"}}]}<\/script>\n<!-- \/ Yoast SEO plugin. -->","yoast_head_json":{"title":"\u00dcber Ramuz &#8211; La Muette","robots":{"index":"index","follow":"follow","max-snippet":"max-snippet:-1","max-image-preview":"max-image-preview:large","max-video-preview":"max-video-preview:-1"},"canonical":"https:\/\/lamuette.ch\/de\/ueber-ramuz\/","og_locale":"de_DE","og_type":"article","og_title":"\u00dcber Ramuz &#8211; La Muette","og_description":"Entdecken Sie C. F. Ramuz, indem Sie den Reichtum der mit dem Schriftsteller verkn\u00fcpften Archive erkunden. St\u00f6bern Sie in Manuskripten, Dokumenten, Fotografien und Kunstwerken, die aufgrund ihrer Originalit\u00e4t und Komplementarit\u00e4t ausgew\u00e4hlt wurden. Jedes Bild ist von einem kurzen Text begleitet, der Sie \u00fcber einen Aspekt des Lebens oder des Werks des Schriftstellers informiert. Die Navigation [&hellip;]","og_url":"https:\/\/lamuette.ch\/de\/ueber-ramuz\/","og_site_name":"La Muette","article_modified_time":"2023-10-05T13:22:10+00:00","twitter_card":"summary_large_image","twitter_misc":{"Est. reading time":"1 minute"},"schema":{"@context":"https:\/\/schema.org","@graph":[{"@type":"WebPage","@id":"https:\/\/lamuette.ch\/de\/ueber-ramuz\/","url":"https:\/\/lamuette.ch\/de\/ueber-ramuz\/","name":"\u00dcber Ramuz &#8211; La Muette","isPartOf":{"@id":"https:\/\/lamuette.ch\/de\/#website"},"datePublished":"2023-09-12T12:15:56+00:00","dateModified":"2023-10-05T13:22:10+00:00","breadcrumb":{"@id":"https:\/\/lamuette.ch\/de\/ueber-ramuz\/#breadcrumb"},"inLanguage":"de-DE","potentialAction":[{"@type":"ReadAction","target":["https:\/\/lamuette.ch\/de\/ueber-ramuz\/"]}]},{"@type":"BreadcrumbList","@id":"https:\/\/lamuette.ch\/de\/ueber-ramuz\/#breadcrumb","itemListElement":[{"@type":"ListItem","position":1,"name":"Accueil","item":"https:\/\/lamuette.ch\/de\/"},{"@type":"ListItem","position":2,"name":"\u00dcber Ramuz"}]},{"@type":"WebSite","@id":"https:\/\/lamuette.ch\/de\/#website","url":"https:\/\/lamuette.ch\/de\/","name":"La Muette","description":"espaces litt\u00e9raires","publisher":{"@id":"https:\/\/lamuette.ch\/de\/#organization"},"potentialAction":[{"@type":"SearchAction","target":{"@type":"EntryPoint","urlTemplate":"https:\/\/lamuette.ch\/de\/?s={search_term_string}"},"query-input":{"@type":"PropertyValueSpecification","valueRequired":true,"valueName":"search_term_string"}}],"inLanguage":"de-DE"},{"@type":"Organization","@id":"https:\/\/lamuette.ch\/de\/#organization","name":"La Muette","url":"https:\/\/lamuette.ch\/de\/","logo":{"@type":"ImageObject","inLanguage":"de-DE","@id":"https:\/\/lamuette.ch\/de\/#\/schema\/logo\/image\/","url":"https:\/\/lamuette.ch\/wp-content\/uploads\/2023\/05\/logo-muette.jpg","contentUrl":"https:\/\/lamuette.ch\/wp-content\/uploads\/2023\/05\/logo-muette.jpg","width":1750,"height":514,"caption":"La Muette"},"image":{"@id":"https:\/\/lamuette.ch\/de\/#\/schema\/logo\/image\/"}}]}},"_links":{"self":[{"href":"https:\/\/lamuette.ch\/de\/wp-json\/wp\/v2\/pages\/2260","targetHints":{"allow":["GET"]}}],"collection":[{"href":"https:\/\/lamuette.ch\/de\/wp-json\/wp\/v2\/pages"}],"about":[{"href":"https:\/\/lamuette.ch\/de\/wp-json\/wp\/v2\/types\/page"}],"author":[{"embeddable":true,"href":"https:\/\/lamuette.ch\/de\/wp-json\/wp\/v2\/users\/1"}],"replies":[{"embeddable":true,"href":"https:\/\/lamuette.ch\/de\/wp-json\/wp\/v2\/comments?post=2260"}],"version-history":[{"count":1,"href":"https:\/\/lamuette.ch\/de\/wp-json\/wp\/v2\/pages\/2260\/revisions"}],"predecessor-version":[{"id":2261,"href":"https:\/\/lamuette.ch\/de\/wp-json\/wp\/v2\/pages\/2260\/revisions\/2261"}],"wp:attachment":[{"href":"https:\/\/lamuette.ch\/de\/wp-json\/wp\/v2\/media?parent=2260"}],"curies":[{"name":"wp","href":"https:\/\/api.w.org\/{rel}","templated":true}]}}