{"id":2266,"date":"2023-07-12T09:25:00","date_gmt":"2023-07-12T07:25:00","guid":{"rendered":"https:\/\/lamuette.ch\/ueber-uns\/"},"modified":"2023-10-05T15:49:24","modified_gmt":"2023-10-05T13:49:24","slug":"ueber-uns","status":"publish","type":"page","link":"https:\/\/lamuette.ch\/de\/ueber-uns\/","title":{"rendered":"\u00dcber uns"},"content":{"rendered":"\n<h2 class=\"wp-block-heading\">Besuchen Sie uns \u2026<\/h2>\n\n<section class=\"media-text-repeater-grid\">\n    <article class=\"media-text-repeater-item\">\n    <div class=\"media-text-repeater-item__media\">\n            <figure class=\"image\">\n        <picture>\n          <source media=\"(min-width: 1281px)\"\n            srcset=\" 1x,  2x\">\n          <source media=\"(max-width: 1280px)\"\n            srcset=\" 1x,  2x\">\n          <source media=\"(max-width: 860px)\"\n            srcset=\" 1x,  2x\">\n          <source media=\"(max-width: 400px)\"\n            srcset=\" 1x,  2x\">\n          <img decoding=\"async\" class=\"ofi-image\" srcset=\" 1280w,\n                             1920w\" src=\"\"\n            alt=\"\">\n        <\/picture>\n      <\/figure>\n          <\/div>\n    <div class=\"media-text-repeater-item__content\">\n      <p class=\"media-text-repeater-item__index index-item\">1<\/p>\n      <h2 class=\"media-text-repeater-item__title\">\u2026 vor Ort<\/h2>\n      <div class=\"media-text-repeater-item__text\"><p>Entdecken Sie einen der bedeutendsten Schweizer Schriftsteller des 20. Jahrhunderts und besuchen Sie seinen Arbeitsort und das Umfeld seines Schaffens. In privater Atmosph\u00e4re f\u00fchrt Sie ein Rundgang mit Audioguide auf rund 100m2 zu Ramuz\u2019 Leben und Werk. In privater Atmosph\u00e4re f\u00fchrt Sie ein Rundgang mit Audioguide auf rund 100m2 zu Ramuz\u2019 Leben und Werk.<\/p>\n<\/div>\n    <\/div>\n  <\/article>\n    <article class=\"media-text-repeater-item\">\n    <div class=\"media-text-repeater-item__media\">\n            <figure class=\"image\">\n        <picture>\n          <source media=\"(min-width: 1281px)\"\n            srcset=\"https:\/\/lamuette.ch\/wp-content\/uploads\/fly-images\/421\/014-Ramuz-1_20-sur-100-CFR_0_Groupe-scaled-1920x99999.jpg 1x, https:\/\/lamuette.ch\/wp-content\/uploads\/fly-images\/421\/014-Ramuz-1_20-sur-100-CFR_0_Groupe-scaled-3840x99999.jpg 2x\">\n          <source media=\"(max-width: 1280px)\"\n            srcset=\"https:\/\/lamuette.ch\/wp-content\/uploads\/fly-images\/421\/014-Ramuz-1_20-sur-100-CFR_0_Groupe-scaled-1280x99999.jpg 1x, https:\/\/lamuette.ch\/wp-content\/uploads\/fly-images\/421\/014-Ramuz-1_20-sur-100-CFR_0_Groupe-scaled-2560x99999.jpg 2x\">\n          <source media=\"(max-width: 860px)\"\n            srcset=\"https:\/\/lamuette.ch\/wp-content\/uploads\/fly-images\/421\/014-Ramuz-1_20-sur-100-CFR_0_Groupe-scaled-860x99999.jpg 1x, https:\/\/lamuette.ch\/wp-content\/uploads\/fly-images\/421\/014-Ramuz-1_20-sur-100-CFR_0_Groupe-scaled-1720x99999.jpg 2x\">\n          <source media=\"(max-width: 400px)\"\n            srcset=\"https:\/\/lamuette.ch\/wp-content\/uploads\/fly-images\/421\/014-Ramuz-1_20-sur-100-CFR_0_Groupe-scaled-400x99999.jpg 1x, https:\/\/lamuette.ch\/wp-content\/uploads\/fly-images\/421\/014-Ramuz-1_20-sur-100-CFR_0_Groupe-scaled-800x99999.jpg 2x\">\n          <img decoding=\"async\" class=\"ofi-image\" srcset=\"https:\/\/lamuette.ch\/wp-content\/uploads\/fly-images\/421\/014-Ramuz-1_20-sur-100-CFR_0_Groupe-scaled-1280x99999.jpg 1280w,\n                            https:\/\/lamuette.ch\/wp-content\/uploads\/fly-images\/421\/014-Ramuz-1_20-sur-100-CFR_0_Groupe-scaled-1920x99999.jpg 1920w\" src=\"https:\/\/lamuette.ch\/wp-content\/uploads\/fly-images\/421\/014-Ramuz-1_20-sur-100-CFR_0_Groupe-scaled-1920x99999.jpg\"\n            alt=\"Image d\u2019un groupe de 17 objets. Il s\u2019agit de plumes, porte-mine et autre accessoire d\u2019\u00e9criture de Ramuz. \">\n        <\/picture>\n      <\/figure>\n          <\/div>\n    <div class=\"media-text-repeater-item__content\">\n      <p class=\"media-text-repeater-item__index index-item\">2<\/p>\n      <h2 class=\"media-text-repeater-item__title\">\u2026 online<\/h2>\n      <div class=\"media-text-repeater-item__text\"><p>Erkunden Sie den Reichtum der mit dem Schriftsteller verbundenen Archive in der Sammlung \u00abRamuz in 100 Bildern\u00bb auf unserer Website. Jedes Bild \u2013 Dokumente, Manuskripte, Objekte, Fotografien, Gem\u00e4lde \u2013 wurde aufgrund seiner Originalit\u00e4t und Komplementarit\u00e4t ausgew\u00e4hlt und enth\u00fcllt einen Aspekt des Lebens oder des Werks von Ramuz. Der Inhalt ist evolutiv und wird im Lauf der Monate erg\u00e4nzt.<\/p>\n<\/div>\n    <\/div>\n  <\/article>\n    <article class=\"media-text-repeater-item\">\n    <div class=\"media-text-repeater-item__media\">\n            <figure class=\"image\">\n        <picture>\n          <source media=\"(min-width: 1281px)\"\n            srcset=\"https:\/\/lamuette.ch\/wp-content\/uploads\/fly-images\/686\/04-RECTO-4.002-scaled-1920x99999.jpg 1x, https:\/\/lamuette.ch\/wp-content\/uploads\/fly-images\/686\/04-RECTO-4.002-scaled-3840x99999.jpg 2x\">\n          <source media=\"(max-width: 1280px)\"\n            srcset=\"https:\/\/lamuette.ch\/wp-content\/uploads\/fly-images\/686\/04-RECTO-4.002-scaled-1280x99999.jpg 1x, https:\/\/lamuette.ch\/wp-content\/uploads\/fly-images\/686\/04-RECTO-4.002-scaled-2560x99999.jpg 2x\">\n          <source media=\"(max-width: 860px)\"\n            srcset=\"https:\/\/lamuette.ch\/wp-content\/uploads\/fly-images\/686\/04-RECTO-4.002-scaled-860x99999.jpg 1x, https:\/\/lamuette.ch\/wp-content\/uploads\/fly-images\/686\/04-RECTO-4.002-scaled-1720x99999.jpg 2x\">\n          <source media=\"(max-width: 400px)\"\n            srcset=\"https:\/\/lamuette.ch\/wp-content\/uploads\/fly-images\/686\/04-RECTO-4.002-scaled-400x99999.jpg 1x, https:\/\/lamuette.ch\/wp-content\/uploads\/fly-images\/686\/04-RECTO-4.002-scaled-800x99999.jpg 2x\">\n          <img decoding=\"async\" class=\"ofi-image\" srcset=\"https:\/\/lamuette.ch\/wp-content\/uploads\/fly-images\/686\/04-RECTO-4.002-scaled-1280x99999.jpg 1280w,\n                            https:\/\/lamuette.ch\/wp-content\/uploads\/fly-images\/686\/04-RECTO-4.002-scaled-1920x99999.jpg 1920w\" src=\"https:\/\/lamuette.ch\/wp-content\/uploads\/fly-images\/686\/04-RECTO-4.002-scaled-1920x99999.jpg\"\n            alt=\"Affiche d\u2019Histoire du soldat, 1918\">\n        <\/picture>\n      <\/figure>\n          <\/div>\n    <div class=\"media-text-repeater-item__content\">\n      <p class=\"media-text-repeater-item__index index-item\">3<\/p>\n      <h2 class=\"media-text-repeater-item__title\">\u2026 jeden Monat<\/h2>\n      <div class=\"media-text-repeater-item__text\"><p>La Muette -\u2013 espaces litt\u00e9raires ist zudem ein monatliches Programm, das die lebendige Dimension der Literatur in den Vordergrund stellt. Veranstaltungen, Lesungen, Performances und Begegnungen finden von September bis Juni jeden Monat statt. Unser Programm finden Sie online.<\/p>\n<\/div>\n    <\/div>\n  <\/article>\n  <\/section>","protected":false},"excerpt":{"rendered":"<p>Besuchen Sie uns \u2026<\/p>\n","protected":false},"author":1,"featured_media":681,"parent":0,"menu_order":0,"comment_status":"closed","ping_status":"closed","template":"templates-about.php","meta":{"_acf_changed":false,"footnotes":""},"class_list":["post-2266","page","type-page","status-publish","has-post-thumbnail","hentry"],"acf":[],"yoast_head":"<!-- This site is optimized with the Yoast SEO plugin v27.2 - https:\/\/yoast.com\/product\/yoast-seo-wordpress\/ -->\n<title>\u00dcber uns &#8211; La Muette<\/title>\n<meta name=\"robots\" content=\"index, follow, max-snippet:-1, max-image-preview:large, max-video-preview:-1\" \/>\n<link rel=\"canonical\" href=\"https:\/\/lamuette.ch\/de\/ueber-uns\/\" \/>\n<meta property=\"og:locale\" content=\"de_DE\" \/>\n<meta property=\"og:type\" content=\"article\" \/>\n<meta property=\"og:title\" content=\"\u00dcber uns &#8211; La Muette\" \/>\n<meta property=\"og:description\" content=\"Besuchen Sie uns \u2026\" \/>\n<meta property=\"og:url\" content=\"https:\/\/lamuette.ch\/de\/ueber-uns\/\" \/>\n<meta property=\"og:site_name\" content=\"La Muette\" \/>\n<meta property=\"article:modified_time\" content=\"2023-10-05T13:49:24+00:00\" \/>\n<meta property=\"og:image\" content=\"https:\/\/lamuette.ch\/wp-content\/uploads\/2023\/09\/230909124903_M-scaled.jpg\" \/>\n\t<meta property=\"og:image:width\" content=\"2560\" \/>\n\t<meta property=\"og:image:height\" content=\"1978\" \/>\n\t<meta property=\"og:image:type\" content=\"image\/jpeg\" \/>\n<meta name=\"twitter:card\" content=\"summary_large_image\" \/>\n<script type=\"application\/ld+json\" class=\"yoast-schema-graph\">{\"@context\":\"https:\/\/schema.org\",\"@graph\":[{\"@type\":\"WebPage\",\"@id\":\"https:\/\/lamuette.ch\/de\/ueber-uns\/\",\"url\":\"https:\/\/lamuette.ch\/de\/ueber-uns\/\",\"name\":\"\u00dcber uns &#8211; La Muette\",\"isPartOf\":{\"@id\":\"https:\/\/lamuette.ch\/de\/#website\"},\"primaryImageOfPage\":{\"@id\":\"https:\/\/lamuette.ch\/de\/ueber-uns\/#primaryimage\"},\"image\":{\"@id\":\"https:\/\/lamuette.ch\/de\/ueber-uns\/#primaryimage\"},\"thumbnailUrl\":\"https:\/\/lamuette.ch\/wp-content\/uploads\/2023\/09\/230909124903_M-scaled.jpg\",\"datePublished\":\"2023-07-12T07:25:00+00:00\",\"dateModified\":\"2023-10-05T13:49:24+00:00\",\"breadcrumb\":{\"@id\":\"https:\/\/lamuette.ch\/de\/ueber-uns\/#breadcrumb\"},\"inLanguage\":\"de-DE\",\"potentialAction\":[{\"@type\":\"ReadAction\",\"target\":[\"https:\/\/lamuette.ch\/de\/ueber-uns\/\"]}]},{\"@type\":\"ImageObject\",\"inLanguage\":\"de-DE\",\"@id\":\"https:\/\/lamuette.ch\/de\/ueber-uns\/#primaryimage\",\"url\":\"https:\/\/lamuette.ch\/wp-content\/uploads\/2023\/09\/230909124903_M-scaled.jpg\",\"contentUrl\":\"https:\/\/lamuette.ch\/wp-content\/uploads\/2023\/09\/230909124903_M-scaled.jpg\",\"width\":2560,\"height\":1978,\"caption\":\"Vues d'exposition de l'espace permanent La Muette, \u00e0 Pully.\"},{\"@type\":\"BreadcrumbList\",\"@id\":\"https:\/\/lamuette.ch\/de\/ueber-uns\/#breadcrumb\",\"itemListElement\":[{\"@type\":\"ListItem\",\"position\":1,\"name\":\"Accueil\",\"item\":\"https:\/\/lamuette.ch\/de\/\"},{\"@type\":\"ListItem\",\"position\":2,\"name\":\"\u00dcber uns\"}]},{\"@type\":\"WebSite\",\"@id\":\"https:\/\/lamuette.ch\/de\/#website\",\"url\":\"https:\/\/lamuette.ch\/de\/\",\"name\":\"La Muette\",\"description\":\"espaces litt\u00e9raires\",\"publisher\":{\"@id\":\"https:\/\/lamuette.ch\/de\/#organization\"},\"potentialAction\":[{\"@type\":\"SearchAction\",\"target\":{\"@type\":\"EntryPoint\",\"urlTemplate\":\"https:\/\/lamuette.ch\/de\/?s={search_term_string}\"},\"query-input\":{\"@type\":\"PropertyValueSpecification\",\"valueRequired\":true,\"valueName\":\"search_term_string\"}}],\"inLanguage\":\"de-DE\"},{\"@type\":\"Organization\",\"@id\":\"https:\/\/lamuette.ch\/de\/#organization\",\"name\":\"La Muette\",\"url\":\"https:\/\/lamuette.ch\/de\/\",\"logo\":{\"@type\":\"ImageObject\",\"inLanguage\":\"de-DE\",\"@id\":\"https:\/\/lamuette.ch\/de\/#\/schema\/logo\/image\/\",\"url\":\"https:\/\/lamuette.ch\/wp-content\/uploads\/2023\/05\/logo-muette.jpg\",\"contentUrl\":\"https:\/\/lamuette.ch\/wp-content\/uploads\/2023\/05\/logo-muette.jpg\",\"width\":1750,\"height\":514,\"caption\":\"La Muette\"},\"image\":{\"@id\":\"https:\/\/lamuette.ch\/de\/#\/schema\/logo\/image\/\"}}]}<\/script>\n<!-- \/ Yoast SEO plugin. -->","yoast_head_json":{"title":"\u00dcber uns &#8211; La Muette","robots":{"index":"index","follow":"follow","max-snippet":"max-snippet:-1","max-image-preview":"max-image-preview:large","max-video-preview":"max-video-preview:-1"},"canonical":"https:\/\/lamuette.ch\/de\/ueber-uns\/","og_locale":"de_DE","og_type":"article","og_title":"\u00dcber uns &#8211; La Muette","og_description":"Besuchen Sie uns \u2026","og_url":"https:\/\/lamuette.ch\/de\/ueber-uns\/","og_site_name":"La Muette","article_modified_time":"2023-10-05T13:49:24+00:00","og_image":[{"width":2560,"height":1978,"url":"https:\/\/lamuette.ch\/wp-content\/uploads\/2023\/09\/230909124903_M-scaled.jpg","type":"image\/jpeg"}],"twitter_card":"summary_large_image","schema":{"@context":"https:\/\/schema.org","@graph":[{"@type":"WebPage","@id":"https:\/\/lamuette.ch\/de\/ueber-uns\/","url":"https:\/\/lamuette.ch\/de\/ueber-uns\/","name":"\u00dcber uns &#8211; La Muette","isPartOf":{"@id":"https:\/\/lamuette.ch\/de\/#website"},"primaryImageOfPage":{"@id":"https:\/\/lamuette.ch\/de\/ueber-uns\/#primaryimage"},"image":{"@id":"https:\/\/lamuette.ch\/de\/ueber-uns\/#primaryimage"},"thumbnailUrl":"https:\/\/lamuette.ch\/wp-content\/uploads\/2023\/09\/230909124903_M-scaled.jpg","datePublished":"2023-07-12T07:25:00+00:00","dateModified":"2023-10-05T13:49:24+00:00","breadcrumb":{"@id":"https:\/\/lamuette.ch\/de\/ueber-uns\/#breadcrumb"},"inLanguage":"de-DE","potentialAction":[{"@type":"ReadAction","target":["https:\/\/lamuette.ch\/de\/ueber-uns\/"]}]},{"@type":"ImageObject","inLanguage":"de-DE","@id":"https:\/\/lamuette.ch\/de\/ueber-uns\/#primaryimage","url":"https:\/\/lamuette.ch\/wp-content\/uploads\/2023\/09\/230909124903_M-scaled.jpg","contentUrl":"https:\/\/lamuette.ch\/wp-content\/uploads\/2023\/09\/230909124903_M-scaled.jpg","width":2560,"height":1978,"caption":"Vues d'exposition de l'espace permanent La Muette, \u00e0 Pully."},{"@type":"BreadcrumbList","@id":"https:\/\/lamuette.ch\/de\/ueber-uns\/#breadcrumb","itemListElement":[{"@type":"ListItem","position":1,"name":"Accueil","item":"https:\/\/lamuette.ch\/de\/"},{"@type":"ListItem","position":2,"name":"\u00dcber uns"}]},{"@type":"WebSite","@id":"https:\/\/lamuette.ch\/de\/#website","url":"https:\/\/lamuette.ch\/de\/","name":"La Muette","description":"espaces litt\u00e9raires","publisher":{"@id":"https:\/\/lamuette.ch\/de\/#organization"},"potentialAction":[{"@type":"SearchAction","target":{"@type":"EntryPoint","urlTemplate":"https:\/\/lamuette.ch\/de\/?s={search_term_string}"},"query-input":{"@type":"PropertyValueSpecification","valueRequired":true,"valueName":"search_term_string"}}],"inLanguage":"de-DE"},{"@type":"Organization","@id":"https:\/\/lamuette.ch\/de\/#organization","name":"La Muette","url":"https:\/\/lamuette.ch\/de\/","logo":{"@type":"ImageObject","inLanguage":"de-DE","@id":"https:\/\/lamuette.ch\/de\/#\/schema\/logo\/image\/","url":"https:\/\/lamuette.ch\/wp-content\/uploads\/2023\/05\/logo-muette.jpg","contentUrl":"https:\/\/lamuette.ch\/wp-content\/uploads\/2023\/05\/logo-muette.jpg","width":1750,"height":514,"caption":"La Muette"},"image":{"@id":"https:\/\/lamuette.ch\/de\/#\/schema\/logo\/image\/"}}]}},"_links":{"self":[{"href":"https:\/\/lamuette.ch\/de\/wp-json\/wp\/v2\/pages\/2266","targetHints":{"allow":["GET"]}}],"collection":[{"href":"https:\/\/lamuette.ch\/de\/wp-json\/wp\/v2\/pages"}],"about":[{"href":"https:\/\/lamuette.ch\/de\/wp-json\/wp\/v2\/types\/page"}],"author":[{"embeddable":true,"href":"https:\/\/lamuette.ch\/de\/wp-json\/wp\/v2\/users\/1"}],"replies":[{"embeddable":true,"href":"https:\/\/lamuette.ch\/de\/wp-json\/wp\/v2\/comments?post=2266"}],"version-history":[{"count":1,"href":"https:\/\/lamuette.ch\/de\/wp-json\/wp\/v2\/pages\/2266\/revisions"}],"predecessor-version":[{"id":2267,"href":"https:\/\/lamuette.ch\/de\/wp-json\/wp\/v2\/pages\/2266\/revisions\/2267"}],"wp:featuredmedia":[{"embeddable":true,"href":"https:\/\/lamuette.ch\/de\/wp-json\/wp\/v2\/media\/681"}],"wp:attachment":[{"href":"https:\/\/lamuette.ch\/de\/wp-json\/wp\/v2\/media?parent=2266"}],"curies":[{"name":"wp","href":"https:\/\/api.w.org\/{rel}","templated":true}]}}